{"id":222,"date":"2017-11-16T16:06:44","date_gmt":"2017-11-16T15:06:44","guid":{"rendered":"https:\/\/www.hoteldegliolivi.it\/?page_id=222"},"modified":"2020-01-27T13:23:53","modified_gmt":"2020-01-27T12:23:53","slug":"datenschutzerklaerung-und-cookies","status":"publish","type":"page","link":"https:\/\/www.hoteldegliolivi.it\/de\/datenschutzerklaerung-und-cookies\/","title":{"rendered":"Datenschutzerkl\u00e4rung und Cookies"},"content":{"rendered":"\t\t<div data-elementor-type=\"wp-page\" data-elementor-id=\"222\" class=\"elementor elementor-222 elementor-60\" data-elementor-post-type=\"page\">\n\t\t\t\t\t\t<section class=\"elementor-section elementor-top-section elementor-element elementor-element-2510fc91 elementor-section-boxed elementor-section-height-default elementor-section-height-default\" data-id=\"2510fc91\" data-element_type=\"section\">\n\t\t\t\t\t\t<div class=\"elementor-container elementor-column-gap-default\">\n\t\t\t\t\t<div class=\"elementor-column elementor-col-100 elementor-top-column elementor-element elementor-element-323d921e\" data-id=\"323d921e\" data-element_type=\"column\">\n\t\t\t<div class=\"elementor-widget-wrap elementor-element-populated\">\n\t\t\t\t\t\t<div class=\"elementor-element elementor-element-82a7100 elementor-widget elementor-widget-heading\" data-id=\"82a7100\" data-element_type=\"widget\" data-widget_type=\"heading.default\">\n\t\t\t\t<div class=\"elementor-widget-container\">\n\t\t\t\t\t<h3 class=\"elementor-heading-title elementor-size-default\">Datenschutzbestimmungen<\/h3>\t\t\t\t<\/div>\n\t\t\t\t<\/div>\n\t\t\t\t<div class=\"elementor-element elementor-element-8eb9c6d elementor-widget-divider--view-line elementor-widget elementor-widget-divider\" data-id=\"8eb9c6d\" data-element_type=\"widget\" data-widget_type=\"divider.default\">\n\t\t\t\t<div class=\"elementor-widget-container\">\n\t\t\t\t\t\t\t<div class=\"elementor-divider\">\n\t\t\t<span class=\"elementor-divider-separator\">\n\t\t\t\t\t\t<\/span>\n\t\t<\/div>\n\t\t\t\t\t\t<\/div>\n\t\t\t\t<\/div>\n\t\t\t\t<div class=\"elementor-element elementor-element-5c51d496 elementor-widget elementor-widget-text-editor\" data-id=\"5c51d496\" data-element_type=\"widget\" data-widget_type=\"text-editor.default\">\n\t\t\t\t<div class=\"elementor-widget-container\">\n\t\t\t\t\t\t\t\t\t<p style=\"text-align: justify;\">Auf dieser Seite wird die Handhabung des Datenschutzes der Webseite in Bezug auf die Verarbeitung personenbezogener Daten der Nutzer, die sie besuchen, beschrieben.<\/p>\n<p style=\"text-align: justify;\">Es handelt sich um eine Bekanntmachung gem\u00e4\u00df Art. 13 des GvD Nr. 196\/2003 \u2013 Gesetz \u00fcber den Schutz personenbezogener Daten von Personen, die mit den Web-Diensten von <strong>Hotel degli Olivi<\/strong>\u00a0\u00fcber das Internet unter folgender Adresse interagieren: <strong>www.hoteldegliolivi.com<\/strong><\/p>\n<p style=\"text-align: justify;\">Dieses Dokument gr\u00fcndet sich auch auf die Empfehlung Nr. 2\/2001, die die europ\u00e4ischen Beh\u00f6rden f\u00fcr den Schutz personenbezogener Daten in der durch Art. 29 der Richtlinie Nr. 95\/46\/EG eingesetzte Gruppe am 17. Mai 2001 verabschiedet haben, um einige Mindestanforderungen f\u00fcr die Online-Erhebung personenbezogener Daten und im Besonderen die Art und Weise, Zeitr\u00e4ume und Natur der Informationen, die die Verantwortlichen der Datenverarbeitung den Benutzern unabh\u00e4ngig vom Zweck der Verbindung mitteilen m\u00fcssen, wenn diese sich mit der Webseite verbinden, festzulegen.<\/p>\n<p style=\"text-align: justify;\">Alle Personen, die <strong>www.hoteldegliolivi.com<\/strong>\u00a0f\u00fcr berufliche Zwecke nutzen, sind zur Einhaltung der Vorgaben der Gesetze zum Schutz personenbezogener Daten verpflichtet, insbesondere der Vorgaben aus Art. 130 bez\u00fcglich unerw\u00fcnschter Kommunikation (Verwendung von automatisierten Systemen f\u00fcr Telefonanrufe, E-Mails, Fax, Nachrichten via MMS oder SMS) und der Vorgaben aus Art. 130.3-bis bez\u00fcglich der Verpflichtung zur vorherigen Konsultation\u00a0des Nicht-Anruf-Registers f\u00fcr alle, die Telemarketing (an Firmen und Verbraucher gerichtet) durchf\u00fchren m\u00f6chten.<\/p>\n<p style=\"text-align: justify;\">Was hingegen die M\u00f6glichkeit betrifft, kontaktiert zu werden \u2013 ebenfalls zu kommerziellen Zwecken, aber \u00fcber die Verwendung von Telefonnummern, die auf <strong>www.hoteldegliolivi.com<\/strong>\u00a0ver\u00f6ffentlicht sind \u2013 wird daran erinnert, dass Personen, die nicht telefonisch f\u00fcr diese Zwecke kontaktiert werden m\u00f6chten, diesen Wunsch explizit zum Ausdruck bringen m\u00fcssen, indem sie ihre Telefonnummer in das Nicht-Anruf-Register (www.registrodelleopposizioni.it) eintragen, das durch das D.P.R. Nr. 178 vom 07.09.2010 geregelt wird. Folglich ist die vorherige explizite Zustimmung diesbez\u00fcglich, auf deren Grundlage die in den Listen ver\u00f6ffentlichten Telefonnummern nicht f\u00fcr kommerzielle Kommunikationen verwendet werden durften, wenn der Abonnent nicht ausdr\u00fccklich zugestimmt hatte (indem er in den Listen neben seinem Namen das Symbol eines Telefonh\u00f6rers einf\u00fcgt), hinf\u00e4llig.<\/p>\n<h3>DER \u201eINHABER DER VERARBEITUNG\u201c<\/h3>\n<p style=\"text-align: justify;\">Nach Konsultation dieser Webseite k\u00f6nnen Daten von bestimmten oder bestimmbaren Personen verarbeitet werden. Der \u201eInhaber\u201c dieser Datenverarbeitung ist <strong>Hotel degli Olivi<\/strong>\u00a0mit <strong>Sitz in Via Olivai, 2 \u2013 I-37016 Garda\u00a0\u2013 Verona (VR)\u00a0Italia<\/strong><\/p>\n<p><strong>ORT DER DATENVERARBEITUNG<\/strong><\/p>\n<p style=\"text-align: justify;\">Die Verarbeitung in Verbindung mit den Diensten auf dieser Webseite findet am o.g. Sitz des Unternehmens statt und wird nur von autorisiertem Personal oder von gelegentlich mit der Wartung betrauten Personen durchgef\u00fchrt. Keine pers\u00f6nlichen Daten aus dem Web-Service werden offenbart oder weitergegeben. Die personenbezogenen Daten von Nutzern, die die Versendung von Informationsmaterial anfordern (Mailing-Liste, Newsletter, Antworten auf Fragen usw.) werden nur zum Zweck der Durchf\u00fchrung oder Leistung des angeforderten Dienstes verwendet und nicht an Dritte weitergegeben.<\/p>\n<h3>ART DER VERARBEITETEN DATEN<\/h3>\n<p style=\"text-align: justify;\">Navigationsdaten. Die EDV-Systeme und Software-Verfahren, die f\u00fcr das Funktionieren dieser Webseite genutzt werden, sammeln w\u00e4hrend ihres normalen Betriebs einige pers\u00f6nliche Daten, deren \u00dcbertragung bei der Nutzung von Internetprotokollen \u00fcblich ist. Es handelt sich um Informationen, die nicht gesammelt werden, um Benutzer zu identifizieren, sie k\u00f6nnten aber aufgrund ihrer Natur durch Verarbeitungen und Verkn\u00fcpfungen mit Daten Dritter die Identifizierung der Benutzer erm\u00f6glichen. Zu dieser Kategorie von Daten geh\u00f6ren die IP-Adressen oder Domain-Namen der Computer von Nutzern, die sich mit der Webseite verbinden,\u00a0URI-Daten (Uniform Resource Identifier)\u00a0der angeforderten Ressourcen, Uhrzeit der Anfrage, f\u00fcr die Anfrage an den Server genutzte Methode, Dateigr\u00f6\u00dfe der erhaltenen Datei, der Zahlencode zur Angabe des Status der Antwort vom\u00a0Server\u00a0(erfolgreich, Fehler usw.) und andere Parameter in Bezug auf das Betriebssystem und die Computerumgebung des Nutzers.<\/p>\n<p style=\"text-align: justify;\">Diese Daten werden nur verwendet, um anonyme Statistiken \u00fcber die Nutzung der Webseite zu erhalten und um den korrekten Betrieb der Webseite zu kontrollieren.<\/p>\n<p style=\"text-align: justify;\">Die Daten k\u00f6nnen verwendet werden, um die Verantwortung im Fall von hypothetischen informatischen Rechtsvergehen zum Schaden der Webseite zu ermitteln.<\/p>\n<p style=\"text-align: justify;\">Freiwillig vom Nutzer zur Verf\u00fcgung gestellte Daten<\/p>\n<p style=\"text-align: justify;\">Die m\u00f6gliche, explizite und freiwillige Sendung von elektronischer Post an die in dieser Webseite angegebenen Adressen f\u00fchrt zur Erfassung der Adresse des Absenders, die f\u00fcr eine Antwort auf die Anfrage notwendig ist, sowie einiger anderer personenbezogener Daten, die in der Sendung enthalten sind.<\/p>\n<h3>COOKIES<\/h3>\n<p style=\"text-align: justify;\">Es werden keine personenbezogenen Daten der Nutzer diesbez\u00fcglich von der Webseite erfasst. Die Session-Cookies, die auf dieser Webseite verwendet werden, erm\u00f6glichen die Vermeidung anderer Computer-Techniken, die potenziell die Vertraulichkeit von Navigationsdaten der Nutzer verletzen k\u00f6nnen und erlauben keine \u00dcbernahme von pers\u00f6nlichen Identifikationsdaten des Nutzers.<\/p>\n<h3>ABLEHNEN UND BLOCKIEREN VON COOKIES<\/h3>\n<p style=\"text-align: justify;\">Die Mehrheit der Internet-Browser ist anf\u00e4nglich so konfiguriert, dass sie Cookies automatisch akzeptieren. Dies bedeutet, dass Sie jederzeit die M\u00f6glichkeit haben, Ihren Browser so einzustellen, dass alle, nur einige oder gar keine Cookies akzeptiert werden, indem Sie deren Nutzung durch die Webseiten deaktivieren. Auch k\u00f6nnen Sie in der Regel Ihre Browser-Pr\u00e4ferenzen so einstellen, dass Sie jedes Mal benachrichtigt werden, wenn ein Cookie auf Ihrem Computer gespeichert wird. Am Ende jeder Browsersitzung k\u00f6nnen Sie schlie\u00dflich die gesammelten Cookies von der Festplatte Ihres Ger\u00e4ts l\u00f6schen. Wenn Sie die Cookies l\u00f6schen m\u00f6chten, die im Cookie-Ordner des verwendeten Browsers installiert wurden, m\u00fcssen Sie ber\u00fccksichtigen, dass jeder Browser unterschiedliche Vorgehensweisen f\u00fcr die Verwaltung der Einstellungen vorsieht.<\/p>\n<p style=\"text-align: justify;\">\u00dcber die nachstehenden Links k\u00f6nnen Sie spezifische Informationen f\u00fcr einige der g\u00e4ngigsten Browser erhalten.<\/p>\n<ol>\n<li>Microsoft Windows Explorer: <a href=\"http:\/\/windows.microsoft.com\/en-us\/windows-vista\/block-or-allow-cookies\" target=\"_blank\" rel=\"noopener noreferrer\">http:\/\/windows.microsoft.com\/en-us\/windows-vista\/block-or-allow-cookies<\/a><\/li>\n<li>Google Chrome: <a href=\"https:\/\/support.google.com\/chrome\/bin\/answer.py?hl=en&amp;answer=95647&amp;p=cpn_cookies\" target=\"_blank\" rel=\"noopener noreferrer\">https:\/\/support.google.com\/chrome\/bin\/answer.py?hl=en&amp;answer=95647&amp;p=cpn_cookies<\/a><\/li>\n<li>Mozilla Firefox: <a href=\"http:\/\/support.mozilla.org\/en-US\/kb\/Enabling%20and%20disabling%20cookies\" target=\"_blank\" rel=\"noopener noreferrer\">http:\/\/support.mozilla.org\/en-US\/kb\/Enabling%20and%20disabling%20cookies<\/a><\/li>\n<li>Apple Safari: <a href=\"http:\/\/docs.info.apple.com\/article.html?path=Safari\/5.0\/en\/9277.html\" target=\"_blank\" rel=\"noopener noreferrer\">http:\/\/docs.info.apple.com\/article.html?path=Safari\/5.0\/en\/9277.html<\/a><\/li>\n<li>Um keine Cookies von Google Analytics zu erhalten, besuchen sie die Webseite: <a href=\"https:\/\/tools.google.com\/dlpage\/gaoptout\/\" target=\"_blank\" rel=\"noopener noreferrer\">https:\/\/tools.google.com\/dlpage\/gaoptout\/<\/a><\/li>\n<li>Wenn Sie allgemein mehr \u00fcber Cookies erfahren m\u00f6chten, besuchen Sie die Webseite: \u00a0<a href=\"http:\/\/www.allaboutcookies.org\/\" target=\"_blank\" rel=\"noopener noreferrer\">http:\/\/www.allaboutcookies.org\/<\/a><\/li>\n<\/ol>\n<h3>\u00dcBERWACHUNG UND STATISTIKEN<\/h3>\n<p style=\"text-align: justify;\">Diese Webseite verwendet Google Analytics, eine Dienstleistung zur Web-Analyse, die von Google bereitgestellt wird. Dieses Messsystem verwendet teilweise \u201eCookies\u201c, also kleine Textdateien, die auf dem PC des Nutzers gespeichert werden, um in anonymer Form die Nutzungsmethoden der Webseite zu analysieren. Die vollst\u00e4ndig anonymen Informationen, die in den Cookies gespeichert werden, sind: Datum und Uhrzeit des Zugriffs auf die Webseite, eindeutige ID, Session-ID. Diese Daten werden an die Server von Google gesendet, wo die Software Google Analytics installiert ist, um einen Bericht \u00fcber Nutzungsmethoden der Webseite und Web-Marketing-Aktivit\u00e4ten zu erstellen sowie dem Nutzer w\u00e4hrend der Navigation Funktionalit\u00e4t und Interaktion zu bieten. Es ist m\u00f6glich, dass Google diese Informationen an Dritte \u00fcbermittelt, die Daten im Namen von Google verarbeiten, oder sofern dies nach zwingenden Normen erforderlich ist. Cookies k\u00f6nnen jederzeit auf dem PC deaktiviert werden, indem die Sicherheits- und Datenschutzeinstellungen des Browsers ver\u00e4ndert werden, diese Option k\u00f6nnte aber viele der Navigationsfunktionen der Webseite einschr\u00e4nken. Die vollst\u00e4ndige Datenschutzerkl\u00e4rung gem\u00e4\u00df Art. 13 des GvD Nr. 196\/03 ist verf\u00fcgbar auf <a href=\"http:\/\/www.google.it\/intl\/it\/policies\/\" target=\"_blank\" rel=\"noopener noreferrer\">http:\/\/www.google.it\/intl\/it\/policies\/<\/a>. Durch die Fortsetzung der Navigation auf dieser Webseite erkl\u00e4ren Sie, dass Sie die Datenschutzerkl\u00e4rung gem\u00e4\u00df Art. 13 des GvD Nr. 196\/03 gelesen haben und der Verarbeitung Ihrer personenbezogenen Daten durch Google in der oben genannten Art und Weise und zu dem benannten Zweck zustimmen.<\/p>\n<h3>ENTSCHEIDUNGSFREIHEIT ZUR PREISGABE VON DATEN<\/h3>\n<p style=\"text-align: justify;\">Abgesehen von dem, was f\u00fcr die Navigationsdaten angegeben ist, steht es dem Nutzer frei, die personenbezogenen Daten zu liefern, die in den Anfrageformularen des Unternehmens erfasst werden. Ihre Nichtbekanntgabe kann jedoch die Erwiderung der Anfrage unm\u00f6glich machen.<\/p>\n<h3>VERARBEITUNGSMETHODE<\/h3>\n<p style=\"text-align: justify;\">Die pers\u00f6nlichen Daten werden durch automatisierte und nicht automatisierte Instrumente f\u00fcr die Zwecke verarbeitet, f\u00fcr die sie erhoben wurden. Spezielle Sicherheitsvorkehrungen wurden getroffen, um den Verlust der Daten, unrechtm\u00e4\u00dfigen oder unsachgem\u00e4\u00dfen Gebrauch und unberechtigten Zugriff zu verhindern. Die gesammelten Daten k\u00f6nnen im Namen des Inhabers der Verarbeitung von Administratoren verwendet werden, die mit der Ausf\u00fchrung von Verarbeitungsdiensten und der \u00dcberwachung der korrekten Funktion der Webseite betraut sind.<\/p>\n<h3>\u00dcBERMITTLUNG IHRER INFORMATIONEN INS AUSLAND<\/h3>\n<p style=\"text-align: justify;\">Die \u00fcber diese oder andere Webseiten zur Verf\u00fcgung gestellten personenbezogenen Daten k\u00f6nnen von uns oder unseren Agenten in andere L\u00e4nder \u00fcbermittelt werden, um vertraglichen Verpflichtungen gerecht zu werden und obligatorische gruppeninterne und\/oder franchisebedingte Kommunikationen zu erm\u00f6glichen.<\/p>\n<h3>RECHTE DER BETEILIGTEN<\/h3>\n<p style=\"text-align: justify;\">Die Personen, auf die sich die pers\u00f6nlichen Daten beziehen, haben das Recht, jederzeit die Best\u00e4tigung f\u00fcr die Existenz oder Nichtexistenz derselben Daten zu erhalten und deren Inhalt und Herkunft zu erfahren, ihre Richtigkeit zu \u00fcberpr\u00fcfen oder die Vervollst\u00e4ndigung und Aktualisierung derselben oder auch deren Richtigstellung zu fordern (Art. 7 des GvD Nr. 196\/2003). Gem\u00e4\u00df o.g. Artikel hat der Betroffene das Recht, die L\u00f6schung, Anonymisierung oder Blockierung etwaiger rechtswidrig verwendeter Daten zu fordern und kann sich in jedem Fall aus legitimen Gr\u00fcnden ihrer Verarbeitung widersetzen. Entsprechende Anfragen m\u00fcssen an die Gesellschaft <strong>Hotel degli Olivi<\/strong>\u00a0gerichtet werden.<\/p>\n\t\t\t\t\t\t\t\t<\/div>\n\t\t\t\t<\/div>\n\t\t\t\t\t<\/div>\n\t\t<\/div>\n\t\t\t\t\t<\/div>\n\t\t<\/section>\n\t\t\t\t<\/div>\n\t\t","protected":false},"excerpt":{"rendered":"<p>Datenschutzbestimmungen Auf dieser Seite wird die Handhabung des Datenschutzes der Webseite in Bezug auf die Verarbeitung personenbezogener Daten der Nutzer, die sie besuchen, beschrieben. Es handelt sich um eine Bekanntmachung gem\u00e4\u00df Art. 13 des GvD Nr. 196\/2003 \u2013 Gesetz \u00fcber den Schutz personenbezogener Daten von Personen, die mit den Web-Diensten von Hotel degli Olivi\u00a0\u00fcber das [&hellip;]<\/p>\n","protected":false},"author":3,"featured_media":0,"parent":0,"menu_order":0,"comment_status":"closed","ping_status":"closed","template":"","meta":{"footnotes":""},"class_list":["post-222","page","type-page","status-publish","hentry"],"_links":{"self":[{"href":"https:\/\/www.hoteldegliolivi.it\/de\/wp-json\/wp\/v2\/pages\/222","targetHints":{"allow":["GET"]}}],"collection":[{"href":"https:\/\/www.hoteldegliolivi.it\/de\/wp-json\/wp\/v2\/pages"}],"about":[{"href":"https:\/\/www.hoteldegliolivi.it\/de\/wp-json\/wp\/v2\/types\/page"}],"author":[{"embeddable":true,"href":"https:\/\/www.hoteldegliolivi.it\/de\/wp-json\/wp\/v2\/users\/3"}],"replies":[{"embeddable":true,"href":"https:\/\/www.hoteldegliolivi.it\/de\/wp-json\/wp\/v2\/comments?post=222"}],"version-history":[{"count":0,"href":"https:\/\/www.hoteldegliolivi.it\/de\/wp-json\/wp\/v2\/pages\/222\/revisions"}],"wp:attachment":[{"href":"https:\/\/www.hoteldegliolivi.it\/de\/wp-json\/wp\/v2\/media?parent=222"}],"curies":[{"name":"wp","href":"https:\/\/api.w.org\/{rel}","templated":true}]}}