{"id":1575,"date":"2020-01-20T12:03:22","date_gmt":"2020-01-20T11:03:22","guid":{"rendered":"https:\/\/www.hoteldegliolivi.it\/zimmer\/"},"modified":"2024-01-28T21:11:54","modified_gmt":"2024-01-28T20:11:54","slug":"zimmer","status":"publish","type":"page","link":"https:\/\/www.hoteldegliolivi.it\/de\/zimmer\/","title":{"rendered":"Zimmer"},"content":{"rendered":"\t\t<div data-elementor-type=\"wp-page\" data-elementor-id=\"1575\" class=\"elementor elementor-1575 elementor-529\" data-elementor-post-type=\"page\">\n\t\t\t\t\t\t<section class=\"elementor-section elementor-top-section elementor-element elementor-element-ff981fc elementor-section-boxed elementor-section-height-default elementor-section-height-default\" data-id=\"ff981fc\" data-element_type=\"section\">\n\t\t\t\t\t\t<div class=\"elementor-container elementor-column-gap-default\">\n\t\t\t\t\t<div class=\"elementor-column elementor-col-100 elementor-top-column elementor-element elementor-element-62b3f7d\" data-id=\"62b3f7d\" data-element_type=\"column\">\n\t\t\t<div class=\"elementor-widget-wrap elementor-element-populated\">\n\t\t\t\t\t\t<div class=\"elementor-element elementor-element-ecdc4b5 elementor-widget elementor-widget-heading\" data-id=\"ecdc4b5\" data-element_type=\"widget\" data-widget_type=\"heading.default\">\n\t\t\t\t<div class=\"elementor-widget-container\">\n\t\t\t\t\t<h3 class=\"elementor-heading-title elementor-size-default\">Zimmer<\/h3>\t\t\t\t<\/div>\n\t\t\t\t<\/div>\n\t\t\t\t<div class=\"elementor-element elementor-element-c66d3b3 elementor-widget-divider--view-line elementor-widget elementor-widget-divider\" data-id=\"c66d3b3\" data-element_type=\"widget\" data-widget_type=\"divider.default\">\n\t\t\t\t<div class=\"elementor-widget-container\">\n\t\t\t\t\t\t\t<div class=\"elementor-divider\">\n\t\t\t<span class=\"elementor-divider-separator\">\n\t\t\t\t\t\t<\/span>\n\t\t<\/div>\n\t\t\t\t\t\t<\/div>\n\t\t\t\t<\/div>\n\t\t\t\t<div class=\"elementor-element elementor-element-8c41fd3 elementor-arrows-position-inside elementor-pagination-position-outside elementor-widget elementor-widget-image-carousel\" data-id=\"8c41fd3\" data-element_type=\"widget\" data-settings=\"{&quot;slides_to_show&quot;:&quot;1&quot;,&quot;effect&quot;:&quot;fade&quot;,&quot;speed&quot;:1000,&quot;navigation&quot;:&quot;both&quot;,&quot;autoplay&quot;:&quot;yes&quot;,&quot;pause_on_hover&quot;:&quot;yes&quot;,&quot;pause_on_interaction&quot;:&quot;yes&quot;,&quot;autoplay_speed&quot;:5000,&quot;infinite&quot;:&quot;yes&quot;}\" data-widget_type=\"image-carousel.default\">\n\t\t\t\t<div class=\"elementor-widget-container\">\n\t\t\t\t\t\t\t<div class=\"elementor-image-carousel-wrapper swiper\" role=\"region\" aria-roledescription=\"carousel\" aria-label=\"Bild Karussell\" dir=\"ltr\">\n\t\t\t<div class=\"elementor-image-carousel swiper-wrapper swiper-image-stretch\" aria-live=\"off\">\n\t\t\t\t\t\t\t\t<div class=\"swiper-slide\" role=\"group\" aria-roledescription=\"slide\" aria-label=\"1 von 2\"><figure class=\"swiper-slide-inner\"><img decoding=\"async\" class=\"swiper-slide-image\" src=\"https:\/\/www.hoteldegliolivi.it\/wp-content\/uploads\/2020\/01\/P1000083-test-progressive-CUT.jpg\" alt=\"P1000083 test progressive - CUT\" \/><\/figure><\/div><div class=\"swiper-slide\" role=\"group\" aria-roledescription=\"slide\" aria-label=\"2 von 2\"><figure class=\"swiper-slide-inner\"><img decoding=\"async\" class=\"swiper-slide-image\" src=\"https:\/\/www.hoteldegliolivi.it\/wp-content\/uploads\/2017\/11\/hotel-degli-olivi-garda-10.jpg\" alt=\"\" \/><\/figure><\/div>\t\t\t<\/div>\n\t\t\t\t\t\t\t\t\t\t\t\t<div class=\"elementor-swiper-button elementor-swiper-button-prev\" role=\"button\" tabindex=\"0\">\n\t\t\t\t\t\t<i aria-hidden=\"true\" class=\"eicon-chevron-left\"><\/i>\t\t\t\t\t<\/div>\n\t\t\t\t\t<div class=\"elementor-swiper-button elementor-swiper-button-next\" role=\"button\" tabindex=\"0\">\n\t\t\t\t\t\t<i aria-hidden=\"true\" class=\"eicon-chevron-right\"><\/i>\t\t\t\t\t<\/div>\n\t\t\t\t\n\t\t\t\t\t\t\t\t\t<div class=\"swiper-pagination\"><\/div>\n\t\t\t\t\t\t\t\t\t<\/div>\n\t\t\t\t\t\t<\/div>\n\t\t\t\t<\/div>\n\t\t\t\t<div class=\"elementor-element elementor-element-e0f2a2e elementor-widget elementor-widget-heading\" data-id=\"e0f2a2e\" data-element_type=\"widget\" data-widget_type=\"heading.default\">\n\t\t\t\t<div class=\"elementor-widget-container\">\n\t\t\t\t\t<h3 class=\"elementor-heading-title elementor-size-default\">Doppelzimmer Standard I mit Balkon zur Seeseite<\/h3>\t\t\t\t<\/div>\n\t\t\t\t<\/div>\n\t\t\t\t<div class=\"elementor-element elementor-element-afbf2a5 elementor-widget-divider--view-line elementor-widget elementor-widget-divider\" data-id=\"afbf2a5\" data-element_type=\"widget\" data-widget_type=\"divider.default\">\n\t\t\t\t<div class=\"elementor-widget-container\">\n\t\t\t\t\t\t\t<div class=\"elementor-divider\">\n\t\t\t<span class=\"elementor-divider-separator\">\n\t\t\t\t\t\t<\/span>\n\t\t<\/div>\n\t\t\t\t\t\t<\/div>\n\t\t\t\t<\/div>\n\t\t\t\t<div class=\"elementor-element elementor-element-6fae4d0 elementor-view-stacked elementor-shape-square elementor-widget__width-auto elementor-widget-mobile__width-auto elementor-widget elementor-widget-icon\" data-id=\"6fae4d0\" data-element_type=\"widget\" data-toggle=\"tooltip\" data-placement=\"top\" data-original-title=\"Dusche\/WC\" data-widget_type=\"icon.default\">\n\t\t\t\t<div class=\"elementor-widget-container\">\n\t\t\t\t\t\t\t<div class=\"elementor-icon-wrapper\">\n\t\t\t<div class=\"elementor-icon elementor-animation-shrink\">\n\t\t\t<i aria-hidden=\"true\" class=\"fh fh-shower\"><\/i>\t\t\t<\/div>\n\t\t<\/div>\n\t\t\t\t\t\t<\/div>\n\t\t\t\t<\/div>\n\t\t\t\t<div class=\"elementor-element elementor-element-f827921 elementor-view-stacked elementor-shape-square elementor-widget__width-auto elementor-widget-mobile__width-auto elementor-widget elementor-widget-icon\" data-id=\"f827921\" data-element_type=\"widget\" data-toggle=\"tooltip\" data-placement=\"top\" data-original-title=\"Klima\" data-widget_type=\"icon.default\">\n\t\t\t\t<div class=\"elementor-widget-container\">\n\t\t\t\t\t\t\t<div class=\"elementor-icon-wrapper\">\n\t\t\t<div class=\"elementor-icon elementor-animation-shrink\">\n\t\t\t<i aria-hidden=\"true\" class=\"fh fh-air-conditioner\"><\/i>\t\t\t<\/div>\n\t\t<\/div>\n\t\t\t\t\t\t<\/div>\n\t\t\t\t<\/div>\n\t\t\t\t<div class=\"elementor-element elementor-element-f353575 elementor-view-stacked elementor-shape-square elementor-widget__width-auto elementor-widget-mobile__width-auto elementor-widget elementor-widget-icon\" data-id=\"f353575\" data-element_type=\"widget\" data-toggle=\"tooltip\" data-placement=\"top\" data-original-title=\"Satellit Fernseher\" data-widget_type=\"icon.default\">\n\t\t\t\t<div class=\"elementor-widget-container\">\n\t\t\t\t\t\t\t<div class=\"elementor-icon-wrapper\">\n\t\t\t<div class=\"elementor-icon elementor-animation-shrink\">\n\t\t\t<i aria-hidden=\"true\" class=\"fh fh-television\"><\/i>\t\t\t<\/div>\n\t\t<\/div>\n\t\t\t\t\t\t<\/div>\n\t\t\t\t<\/div>\n\t\t\t\t<div class=\"elementor-element elementor-element-dd8aed6 elementor-view-stacked elementor-shape-square elementor-widget__width-auto elementor-widget-mobile__width-auto elementor-widget elementor-widget-icon\" data-id=\"dd8aed6\" data-element_type=\"widget\" data-toggle=\"tooltip\" data-placement=\"top\" data-original-title=\"Telefon\" data-widget_type=\"icon.default\">\n\t\t\t\t<div class=\"elementor-widget-container\">\n\t\t\t\t\t\t\t<div class=\"elementor-icon-wrapper\">\n\t\t\t<div class=\"elementor-icon elementor-animation-shrink\">\n\t\t\t<i aria-hidden=\"true\" class=\"fh fh-telephone\"><\/i>\t\t\t<\/div>\n\t\t<\/div>\n\t\t\t\t\t\t<\/div>\n\t\t\t\t<\/div>\n\t\t\t\t<div class=\"elementor-element elementor-element-2372fa8 elementor-view-stacked elementor-shape-square elementor-widget__width-auto elementor-widget-mobile__width-auto elementor-widget elementor-widget-icon\" data-id=\"2372fa8\" data-element_type=\"widget\" data-toggle=\"tooltip\" data-placement=\"top\" data-original-title=\"Safe\" data-widget_type=\"icon.default\">\n\t\t\t\t<div class=\"elementor-widget-container\">\n\t\t\t\t\t\t\t<div class=\"elementor-icon-wrapper\">\n\t\t\t<div class=\"elementor-icon elementor-animation-shrink\">\n\t\t\t<i aria-hidden=\"true\" class=\"fh fh-safebox\"><\/i>\t\t\t<\/div>\n\t\t<\/div>\n\t\t\t\t\t\t<\/div>\n\t\t\t\t<\/div>\n\t\t\t\t<div class=\"elementor-element elementor-element-4d5cba0 elementor-view-stacked elementor-shape-square elementor-widget__width-auto elementor-widget-mobile__width-auto elementor-widget elementor-widget-icon\" data-id=\"4d5cba0\" data-element_type=\"widget\" data-toggle=\"tooltip\" data-placement=\"top\" data-original-title=\"Haartrockner\" data-widget_type=\"icon.default\">\n\t\t\t\t<div class=\"elementor-widget-container\">\n\t\t\t\t\t\t\t<div class=\"elementor-icon-wrapper\">\n\t\t\t<div class=\"elementor-icon elementor-animation-shrink\">\n\t\t\t<i aria-hidden=\"true\" class=\"fh fh-hairdryer\"><\/i>\t\t\t<\/div>\n\t\t<\/div>\n\t\t\t\t\t\t<\/div>\n\t\t\t\t<\/div>\n\t\t\t\t<div class=\"elementor-element elementor-element-d844ee0 elementor-view-stacked elementor-shape-square elementor-widget__width-auto elementor-widget-mobile__width-auto elementor-widget elementor-widget-icon\" data-id=\"d844ee0\" data-element_type=\"widget\" data-toggle=\"tooltip\" data-placement=\"top\" data-original-title=\"Balkon\" data-widget_type=\"icon.default\">\n\t\t\t\t<div class=\"elementor-widget-container\">\n\t\t\t\t\t\t\t<div class=\"elementor-icon-wrapper\">\n\t\t\t<div class=\"elementor-icon elementor-animation-shrink\">\n\t\t\t<i aria-hidden=\"true\" class=\"fas fa-eye\"><\/i>\t\t\t<\/div>\n\t\t<\/div>\n\t\t\t\t\t\t<\/div>\n\t\t\t\t<\/div>\n\t\t\t\t<div class=\"elementor-element elementor-element-0f0bec2 elementor-widget elementor-widget-text-editor\" data-id=\"0f0bec2\" data-element_type=\"widget\" data-widget_type=\"text-editor.default\">\n\t\t\t\t<div class=\"elementor-widget-container\">\n\t\t\t\t\t\t\t\t\t<p>Die Zimmer Standard I sind zur Seeseite und verf\u00fcgen \u00fcber einen Balkon.<\/p>\n<p>Die k\u00f6nnen mit <strong>Doppelbett<\/strong> (Breite 1,80cm), oder <strong>getrennten Betten<\/strong> sein.<\/p>\n<p><strong>Drittes Bett<\/strong> m\u00f6glich.<\/p>\n<p>Zimmer des Standards I sind selten <strong>als Einzelzimmer<\/strong> verf\u00fcgbar. Preise k\u00f6nnen ggf. nachgefragt werden<\/p>\n<p><strong>Drittes Bett Erm\u00e4\u00dfigung<\/strong>: 0-1 Jahre 100%; 2-3 Jahre 80%; 4-11 Jahre 60%; \u00fcber 11 Jahre 40%.<\/p>\n\t\t\t\t\t\t\t\t<\/div>\n\t\t\t\t<\/div>\n\t\t\t\t\t<\/div>\n\t\t<\/div>\n\t\t\t\t\t<\/div>\n\t\t<\/section>\n\t\t\t\t<section class=\"elementor-section elementor-top-section elementor-element elementor-element-49e5da4 elementor-section-boxed elementor-section-height-default elementor-section-height-default\" data-id=\"49e5da4\" data-element_type=\"section\">\n\t\t\t\t\t\t<div class=\"elementor-container elementor-column-gap-default\">\n\t\t\t\t\t<div class=\"elementor-column elementor-col-100 elementor-top-column elementor-element elementor-element-2fff499\" data-id=\"2fff499\" data-element_type=\"column\">\n\t\t\t<div class=\"elementor-widget-wrap elementor-element-populated\">\n\t\t\t\t\t\t<div class=\"elementor-element elementor-element-e5ba87f elementor-widget elementor-widget-heading\" data-id=\"e5ba87f\" data-element_type=\"widget\" data-widget_type=\"heading.default\">\n\t\t\t\t<div class=\"elementor-widget-container\">\n\t\t\t\t\t<h3 class=\"elementor-heading-title elementor-size-default\">Doppelzimmer Standard II<\/h3>\t\t\t\t<\/div>\n\t\t\t\t<\/div>\n\t\t\t\t<div class=\"elementor-element elementor-element-5d521d4 elementor-widget-divider--view-line elementor-widget elementor-widget-divider\" data-id=\"5d521d4\" data-element_type=\"widget\" data-widget_type=\"divider.default\">\n\t\t\t\t<div class=\"elementor-widget-container\">\n\t\t\t\t\t\t\t<div class=\"elementor-divider\">\n\t\t\t<span class=\"elementor-divider-separator\">\n\t\t\t\t\t\t<\/span>\n\t\t<\/div>\n\t\t\t\t\t\t<\/div>\n\t\t\t\t<\/div>\n\t\t\t\t<div class=\"elementor-element elementor-element-0675eac elementor-view-stacked elementor-shape-square elementor-widget__width-auto elementor-widget-mobile__width-auto elementor-widget elementor-widget-icon\" data-id=\"0675eac\" data-element_type=\"widget\" data-toggle=\"tooltip\" data-placement=\"top\" data-original-title=\"Dusche\/WC\" data-widget_type=\"icon.default\">\n\t\t\t\t<div class=\"elementor-widget-container\">\n\t\t\t\t\t\t\t<div class=\"elementor-icon-wrapper\">\n\t\t\t<div class=\"elementor-icon elementor-animation-shrink\">\n\t\t\t<i aria-hidden=\"true\" class=\"fh fh-shower\"><\/i>\t\t\t<\/div>\n\t\t<\/div>\n\t\t\t\t\t\t<\/div>\n\t\t\t\t<\/div>\n\t\t\t\t<div class=\"elementor-element elementor-element-2fe4308 elementor-view-stacked elementor-shape-square elementor-widget__width-auto elementor-widget-mobile__width-auto elementor-widget elementor-widget-icon\" data-id=\"2fe4308\" data-element_type=\"widget\" data-toggle=\"tooltip\" data-placement=\"top\" data-original-title=\"Klima\" data-widget_type=\"icon.default\">\n\t\t\t\t<div class=\"elementor-widget-container\">\n\t\t\t\t\t\t\t<div class=\"elementor-icon-wrapper\">\n\t\t\t<div class=\"elementor-icon elementor-animation-shrink\">\n\t\t\t<i aria-hidden=\"true\" class=\"fh fh-air-conditioner\"><\/i>\t\t\t<\/div>\n\t\t<\/div>\n\t\t\t\t\t\t<\/div>\n\t\t\t\t<\/div>\n\t\t\t\t<div class=\"elementor-element elementor-element-becccc4 elementor-view-stacked elementor-shape-square elementor-widget__width-auto elementor-widget-mobile__width-auto elementor-widget elementor-widget-icon\" data-id=\"becccc4\" data-element_type=\"widget\" data-toggle=\"tooltip\" data-placement=\"top\" data-original-title=\"Satellit Fernseher\" data-widget_type=\"icon.default\">\n\t\t\t\t<div class=\"elementor-widget-container\">\n\t\t\t\t\t\t\t<div class=\"elementor-icon-wrapper\">\n\t\t\t<div class=\"elementor-icon elementor-animation-shrink\">\n\t\t\t<i aria-hidden=\"true\" class=\"fh fh-television\"><\/i>\t\t\t<\/div>\n\t\t<\/div>\n\t\t\t\t\t\t<\/div>\n\t\t\t\t<\/div>\n\t\t\t\t<div class=\"elementor-element elementor-element-9fa10b7 elementor-view-stacked elementor-shape-square elementor-widget__width-auto elementor-widget-mobile__width-auto elementor-widget elementor-widget-icon\" data-id=\"9fa10b7\" data-element_type=\"widget\" data-toggle=\"tooltip\" data-placement=\"top\" data-original-title=\"Telefon\" data-widget_type=\"icon.default\">\n\t\t\t\t<div class=\"elementor-widget-container\">\n\t\t\t\t\t\t\t<div class=\"elementor-icon-wrapper\">\n\t\t\t<div class=\"elementor-icon elementor-animation-shrink\">\n\t\t\t<i aria-hidden=\"true\" class=\"fh fh-telephone\"><\/i>\t\t\t<\/div>\n\t\t<\/div>\n\t\t\t\t\t\t<\/div>\n\t\t\t\t<\/div>\n\t\t\t\t<div class=\"elementor-element elementor-element-18708a0 elementor-view-stacked elementor-shape-square elementor-widget__width-auto elementor-widget-mobile__width-auto elementor-widget elementor-widget-icon\" data-id=\"18708a0\" data-element_type=\"widget\" data-toggle=\"tooltip\" data-placement=\"top\" data-original-title=\"Safe\" data-widget_type=\"icon.default\">\n\t\t\t\t<div class=\"elementor-widget-container\">\n\t\t\t\t\t\t\t<div class=\"elementor-icon-wrapper\">\n\t\t\t<div class=\"elementor-icon elementor-animation-shrink\">\n\t\t\t<i aria-hidden=\"true\" class=\"fh fh-safebox\"><\/i>\t\t\t<\/div>\n\t\t<\/div>\n\t\t\t\t\t\t<\/div>\n\t\t\t\t<\/div>\n\t\t\t\t<div class=\"elementor-element elementor-element-853d544 elementor-view-stacked elementor-shape-square elementor-widget__width-auto elementor-widget-mobile__width-auto elementor-widget elementor-widget-icon\" data-id=\"853d544\" data-element_type=\"widget\" data-toggle=\"tooltip\" data-placement=\"top\" data-original-title=\"Haartrockner\" data-widget_type=\"icon.default\">\n\t\t\t\t<div class=\"elementor-widget-container\">\n\t\t\t\t\t\t\t<div class=\"elementor-icon-wrapper\">\n\t\t\t<div class=\"elementor-icon elementor-animation-shrink\">\n\t\t\t<i aria-hidden=\"true\" class=\"fh fh-hairdryer\"><\/i>\t\t\t<\/div>\n\t\t<\/div>\n\t\t\t\t\t\t<\/div>\n\t\t\t\t<\/div>\n\t\t\t\t<div class=\"elementor-element elementor-element-436b922 elementor-view-stacked elementor-shape-square elementor-widget__width-auto elementor-widget-mobile__width-auto elementor-widget elementor-widget-icon\" data-id=\"436b922\" data-element_type=\"widget\" data-toggle=\"tooltip\" data-placement=\"top\" data-original-title=\"Blick auf den Garten\" data-widget_type=\"icon.default\">\n\t\t\t\t<div class=\"elementor-widget-container\">\n\t\t\t\t\t\t\t<div class=\"elementor-icon-wrapper\">\n\t\t\t<div class=\"elementor-icon elementor-animation-shrink\">\n\t\t\t<i aria-hidden=\"true\" class=\"fas fa-eye\"><\/i>\t\t\t<\/div>\n\t\t<\/div>\n\t\t\t\t\t\t<\/div>\n\t\t\t\t<\/div>\n\t\t\t\t<div class=\"elementor-element elementor-element-4ccfad2 elementor-widget elementor-widget-text-editor\" data-id=\"4ccfad2\" data-element_type=\"widget\" data-widget_type=\"text-editor.default\">\n\t\t\t\t<div class=\"elementor-widget-container\">\n\t\t\t\t\t\t\t\t\t<p>Die Zimmer Standard II sind zur <strong>Bergseite<\/strong> (R\u00fcckseite), mit Fenster und <strong>Blick auf den Garten<\/strong>.<\/p>\n<p>Die k\u00f6nnen mit <strong>Doppelbett<\/strong> (Breite 1,80cm), oder <strong>getrennten Betten<\/strong> sein.<\/p>\n<p><strong>Einzelnutzung <\/strong>m\u00f6glich.<\/p>\n\t\t\t\t\t\t\t\t<\/div>\n\t\t\t\t<\/div>\n\t\t\t\t\t<\/div>\n\t\t<\/div>\n\t\t\t\t\t<\/div>\n\t\t<\/section>\n\t\t\t\t<section class=\"elementor-section elementor-top-section elementor-element elementor-element-dfc6d0d elementor-section-boxed elementor-section-height-default elementor-section-height-default\" data-id=\"dfc6d0d\" data-element_type=\"section\">\n\t\t\t\t\t\t<div class=\"elementor-container elementor-column-gap-default\">\n\t\t\t\t\t<div class=\"elementor-column elementor-col-100 elementor-top-column elementor-element elementor-element-e56920d\" data-id=\"e56920d\" data-element_type=\"column\">\n\t\t\t<div class=\"elementor-widget-wrap elementor-element-populated\">\n\t\t\t\t\t\t<div class=\"elementor-element elementor-element-c99eda8 elementor-widget elementor-widget-heading\" data-id=\"c99eda8\" data-element_type=\"widget\" data-widget_type=\"heading.default\">\n\t\t\t\t<div class=\"elementor-widget-container\">\n\t\t\t\t\t<h3 class=\"elementor-heading-title elementor-size-default\">Doppelzimmer Standard III<\/h3>\t\t\t\t<\/div>\n\t\t\t\t<\/div>\n\t\t\t\t<div class=\"elementor-element elementor-element-55f482e elementor-widget-divider--view-line elementor-widget elementor-widget-divider\" data-id=\"55f482e\" data-element_type=\"widget\" data-widget_type=\"divider.default\">\n\t\t\t\t<div class=\"elementor-widget-container\">\n\t\t\t\t\t\t\t<div class=\"elementor-divider\">\n\t\t\t<span class=\"elementor-divider-separator\">\n\t\t\t\t\t\t<\/span>\n\t\t<\/div>\n\t\t\t\t\t\t<\/div>\n\t\t\t\t<\/div>\n\t\t\t\t<div class=\"elementor-element elementor-element-b3044bb elementor-view-stacked elementor-shape-square elementor-widget__width-auto elementor-widget-mobile__width-auto elementor-widget elementor-widget-icon\" data-id=\"b3044bb\" data-element_type=\"widget\" data-toggle=\"tooltip\" data-placement=\"top\" data-original-title=\"Dusche\/WC\" data-widget_type=\"icon.default\">\n\t\t\t\t<div class=\"elementor-widget-container\">\n\t\t\t\t\t\t\t<div class=\"elementor-icon-wrapper\">\n\t\t\t<div class=\"elementor-icon elementor-animation-shrink\">\n\t\t\t<i aria-hidden=\"true\" class=\"fh fh-shower\"><\/i>\t\t\t<\/div>\n\t\t<\/div>\n\t\t\t\t\t\t<\/div>\n\t\t\t\t<\/div>\n\t\t\t\t<div class=\"elementor-element elementor-element-3e0ec49 elementor-view-stacked elementor-shape-square elementor-widget__width-auto elementor-widget-mobile__width-auto elementor-widget elementor-widget-icon\" data-id=\"3e0ec49\" data-element_type=\"widget\" data-toggle=\"tooltip\" data-placement=\"top\" data-original-title=\"Klima\" data-widget_type=\"icon.default\">\n\t\t\t\t<div class=\"elementor-widget-container\">\n\t\t\t\t\t\t\t<div class=\"elementor-icon-wrapper\">\n\t\t\t<div class=\"elementor-icon elementor-animation-shrink\">\n\t\t\t<i aria-hidden=\"true\" class=\"fh fh-air-conditioner\"><\/i>\t\t\t<\/div>\n\t\t<\/div>\n\t\t\t\t\t\t<\/div>\n\t\t\t\t<\/div>\n\t\t\t\t<div class=\"elementor-element elementor-element-6793462 elementor-view-stacked elementor-shape-square elementor-widget__width-auto elementor-widget-mobile__width-auto elementor-widget elementor-widget-icon\" data-id=\"6793462\" data-element_type=\"widget\" data-toggle=\"tooltip\" data-placement=\"top\" data-original-title=\"Satellit Fernseher\" data-widget_type=\"icon.default\">\n\t\t\t\t<div class=\"elementor-widget-container\">\n\t\t\t\t\t\t\t<div class=\"elementor-icon-wrapper\">\n\t\t\t<div class=\"elementor-icon elementor-animation-shrink\">\n\t\t\t<i aria-hidden=\"true\" class=\"fh fh-television\"><\/i>\t\t\t<\/div>\n\t\t<\/div>\n\t\t\t\t\t\t<\/div>\n\t\t\t\t<\/div>\n\t\t\t\t<div class=\"elementor-element elementor-element-62a95ba elementor-view-stacked elementor-shape-square elementor-widget__width-auto elementor-widget-mobile__width-auto elementor-widget elementor-widget-icon\" data-id=\"62a95ba\" data-element_type=\"widget\" data-toggle=\"tooltip\" data-placement=\"top\" data-original-title=\"Telefon\" data-widget_type=\"icon.default\">\n\t\t\t\t<div class=\"elementor-widget-container\">\n\t\t\t\t\t\t\t<div class=\"elementor-icon-wrapper\">\n\t\t\t<div class=\"elementor-icon elementor-animation-shrink\">\n\t\t\t<i aria-hidden=\"true\" class=\"fh fh-telephone\"><\/i>\t\t\t<\/div>\n\t\t<\/div>\n\t\t\t\t\t\t<\/div>\n\t\t\t\t<\/div>\n\t\t\t\t<div class=\"elementor-element elementor-element-b243797 elementor-view-stacked elementor-shape-square elementor-widget__width-auto elementor-widget-mobile__width-auto elementor-widget elementor-widget-icon\" data-id=\"b243797\" data-element_type=\"widget\" data-toggle=\"tooltip\" data-placement=\"top\" data-original-title=\"Safe\" data-widget_type=\"icon.default\">\n\t\t\t\t<div class=\"elementor-widget-container\">\n\t\t\t\t\t\t\t<div class=\"elementor-icon-wrapper\">\n\t\t\t<div class=\"elementor-icon elementor-animation-shrink\">\n\t\t\t<i aria-hidden=\"true\" class=\"fh fh-safebox\"><\/i>\t\t\t<\/div>\n\t\t<\/div>\n\t\t\t\t\t\t<\/div>\n\t\t\t\t<\/div>\n\t\t\t\t<div class=\"elementor-element elementor-element-5bcf3b0 elementor-view-stacked elementor-shape-square elementor-widget__width-auto elementor-widget-mobile__width-auto elementor-widget elementor-widget-icon\" data-id=\"5bcf3b0\" data-element_type=\"widget\" data-toggle=\"tooltip\" data-placement=\"top\" data-original-title=\"Haartrockner\" data-widget_type=\"icon.default\">\n\t\t\t\t<div class=\"elementor-widget-container\">\n\t\t\t\t\t\t\t<div class=\"elementor-icon-wrapper\">\n\t\t\t<div class=\"elementor-icon elementor-animation-shrink\">\n\t\t\t<i aria-hidden=\"true\" class=\"fh fh-hairdryer\"><\/i>\t\t\t<\/div>\n\t\t<\/div>\n\t\t\t\t\t\t<\/div>\n\t\t\t\t<\/div>\n\t\t\t\t<div class=\"elementor-element elementor-element-0ba694b elementor-view-stacked elementor-shape-square elementor-widget__width-auto elementor-widget-mobile__width-auto elementor-widget elementor-widget-icon\" data-id=\"0ba694b\" data-element_type=\"widget\" data-toggle=\"tooltip\" data-placement=\"top\" data-original-title=\"Blick auf den Garten\" data-widget_type=\"icon.default\">\n\t\t\t\t<div class=\"elementor-widget-container\">\n\t\t\t\t\t\t\t<div class=\"elementor-icon-wrapper\">\n\t\t\t<div class=\"elementor-icon elementor-animation-shrink\">\n\t\t\t<i aria-hidden=\"true\" class=\"fas fa-eye\"><\/i>\t\t\t<\/div>\n\t\t<\/div>\n\t\t\t\t\t\t<\/div>\n\t\t\t\t<\/div>\n\t\t\t\t<div class=\"elementor-element elementor-element-20c6af1 elementor-widget elementor-widget-text-editor\" data-id=\"20c6af1\" data-element_type=\"widget\" data-widget_type=\"text-editor.default\">\n\t\t\t\t<div class=\"elementor-widget-container\">\n\t\t\t\t\t\t\t\t\t<p>Die Zimmer Standard III sind zur <strong>Bergseite<\/strong> (R\u00fcckseite) mit Fenster und <strong>Blick auf den Garten<\/strong>.<\/p>\n<p>Die k\u00f6nnen nur mit <strong>Doppelbett<\/strong> sein (Breite 1,60cm).<\/p>\n<p><strong>Einzelnutzung <\/strong>m\u00f6glich.<\/p>\n\t\t\t\t\t\t\t\t<\/div>\n\t\t\t\t<\/div>\n\t\t\t\t\t<\/div>\n\t\t<\/div>\n\t\t\t\t\t<\/div>\n\t\t<\/section>\n\t\t\t\t<\/div>\n\t\t","protected":false},"excerpt":{"rendered":"<p>Zimmer Doppelzimmer Standard I mit Balkon zur Seeseite Die Zimmer Standard I sind zur Seeseite und verf\u00fcgen \u00fcber einen Balkon. Die k\u00f6nnen mit Doppelbett (Breite 1,80cm), oder getrennten Betten sein. Drittes Bett m\u00f6glich. Zimmer des Standards I sind selten als Einzelzimmer verf\u00fcgbar. Preise k\u00f6nnen ggf. nachgefragt werden Drittes Bett Erm\u00e4\u00dfigung: 0-1 Jahre 100%; 2-3 Jahre [&hellip;]<\/p>\n","protected":false},"author":3,"featured_media":1086,"parent":0,"menu_order":0,"comment_status":"closed","ping_status":"closed","template":"","meta":{"footnotes":""},"class_list":["post-1575","page","type-page","status-publish","has-post-thumbnail","hentry"],"_links":{"self":[{"href":"https:\/\/www.hoteldegliolivi.it\/de\/wp-json\/wp\/v2\/pages\/1575","targetHints":{"allow":["GET"]}}],"collection":[{"href":"https:\/\/www.hoteldegliolivi.it\/de\/wp-json\/wp\/v2\/pages"}],"about":[{"href":"https:\/\/www.hoteldegliolivi.it\/de\/wp-json\/wp\/v2\/types\/page"}],"author":[{"embeddable":true,"href":"https:\/\/www.hoteldegliolivi.it\/de\/wp-json\/wp\/v2\/users\/3"}],"replies":[{"embeddable":true,"href":"https:\/\/www.hoteldegliolivi.it\/de\/wp-json\/wp\/v2\/comments?post=1575"}],"version-history":[{"count":2,"href":"https:\/\/www.hoteldegliolivi.it\/de\/wp-json\/wp\/v2\/pages\/1575\/revisions"}],"predecessor-version":[{"id":5630,"href":"https:\/\/www.hoteldegliolivi.it\/de\/wp-json\/wp\/v2\/pages\/1575\/revisions\/5630"}],"wp:featuredmedia":[{"embeddable":true,"href":"https:\/\/www.hoteldegliolivi.it\/de\/wp-json\/wp\/v2\/media\/1086"}],"wp:attachment":[{"href":"https:\/\/www.hoteldegliolivi.it\/de\/wp-json\/wp\/v2\/media?parent=1575"}],"curies":[{"name":"wp","href":"https:\/\/api.w.org\/{rel}","templated":true}]}}