{"id":136,"date":"2017-11-15T15:02:34","date_gmt":"2017-11-15T14:02:34","guid":{"rendered":"https:\/\/www.hoteldegliolivi.it\/treatments\/"},"modified":"2020-01-28T15:03:59","modified_gmt":"2020-01-28T14:03:59","slug":"debehandl","status":"publish","type":"page","link":"https:\/\/www.hoteldegliolivi.it\/de\/debehandl\/","title":{"rendered":"Behandlungen"},"content":{"rendered":"\t\t<div data-elementor-type=\"wp-page\" data-elementor-id=\"136\" class=\"elementor elementor-136 elementor-124\" data-elementor-post-type=\"page\">\n\t\t\t\t\t\t<section class=\"elementor-section elementor-top-section elementor-element elementor-element-471b2c1 elementor-section-boxed elementor-section-height-default elementor-section-height-default\" data-id=\"471b2c1\" data-element_type=\"section\">\n\t\t\t\t\t\t<div class=\"elementor-container elementor-column-gap-default\">\n\t\t\t\t\t<div class=\"elementor-column elementor-col-100 elementor-top-column elementor-element elementor-element-eed338d\" data-id=\"eed338d\" data-element_type=\"column\">\n\t\t\t<div class=\"elementor-widget-wrap elementor-element-populated\">\n\t\t\t\t\t\t<div class=\"elementor-element elementor-element-de378cd elementor-widget elementor-widget-heading\" data-id=\"de378cd\" data-element_type=\"widget\" data-widget_type=\"heading.default\">\n\t\t\t\t<div class=\"elementor-widget-container\">\n\t\t\t\t\t<h3 class=\"elementor-heading-title elementor-size-default\">Behandlungen<\/h3>\t\t\t\t<\/div>\n\t\t\t\t<\/div>\n\t\t\t\t<div class=\"elementor-element elementor-element-7025b38 elementor-widget-divider--view-line elementor-widget elementor-widget-divider\" data-id=\"7025b38\" data-element_type=\"widget\" data-widget_type=\"divider.default\">\n\t\t\t\t<div class=\"elementor-widget-container\">\n\t\t\t\t\t\t\t<div class=\"elementor-divider\">\n\t\t\t<span class=\"elementor-divider-separator\">\n\t\t\t\t\t\t<\/span>\n\t\t<\/div>\n\t\t\t\t\t\t<\/div>\n\t\t\t\t<\/div>\n\t\t\t\t<div class=\"elementor-element elementor-element-b4b6133 elementor-widget elementor-widget-text-editor\" data-id=\"b4b6133\" data-element_type=\"widget\" data-widget_type=\"text-editor.default\">\n\t\t\t\t<div class=\"elementor-widget-container\">\n\t\t\t\t\t\t\t\t\t<p><strong>UNSERE WELLNESS-PAKETE, NEBEN EINEM 3- ODER 7- N\u00c4CHTE AUFENTHALT IN UNSEREM HAUS UND FREIEM EINTRITT IN DEN B\u00c4DER- UND SPA-BEREICH DES \u201eGARDACQUA, UMFASSEN:<\/strong><\/p>\n<ul>\n<li><strong>1 ganzen Tag freies Eintritt im wundersch\u00f6nen Thermalbad in Col\u00e0 di Lazise<\/strong><br \/>\nEingebettet in einer zauberhaften Parkanlage von 13 ha, befinden sich historisches Anwesen, zwei nat\u00fcrliche Thermalseen von 5.500 bzw. 2.200 qm, ein 440 qm gro\u00dfer, teilweise \u00fcberdachter Thermalpool sowie ein Wellness-Center mit einem weiteren Indoor-Thermalpool, Finnischer Sauna, Dampfbad, Behandlungskabinen, Solarium und Ruhezonen. Unterwasserd\u00fcsen, Wasserf\u00e4lle, Geysire und Whirlpools mit unterschiedlichem Wasserdruck runden das Angebot ab und erm\u00f6glichen Ihnen optimal vom kostbaren Themalwasser zu profitieren.<\/li>\n<li><strong>1 umfangreiches Paket an Behandlungen mit<\/strong><\/li>\n<\/ul>\n<blockquote>\n<blockquote><p><strong>a) 1 Thermalmaske<\/strong><br \/>\n<strong>b) 1 der folgenden Anwendungen nach Ihrer Wahl<\/strong><\/p><\/blockquote>\n<blockquote>\n<ol>\n<li><strong>TIBET MASSAGE<\/strong><br \/>\nGanzk\u00f6rper-Massage f\u00fcr eine besonders weiche Haut und zur Tiefenentspannung. Das Geheimnis dieser Anwendung beruht auf B\u00fcndeln aus Himalaya-Steinen und Salz aus dem Toten Meer (durchblutungsf\u00f6rdernd, belebend, entschlackend und hautgl\u00e4ttend), die mit duftendem Mandel\u00f6l schonend auf den K\u00f6rper aufgetragen werden<\/li>\n<li><strong>RITUAL VILLA DEI CEDRI<\/strong><br \/>\nEin aromatisches Ritual f\u00fcr Ihr inneres und \u00e4u\u00dferes Wohlbefinden mit entspannender und regenerierender Wirkung. Die Behandlung unterteilt sich in 2 Phasen:<\/p>\n<ul>\n<li>Wohltuende Gesicht- und K\u00f6rpermassage und synergetisches Peeling mit reinen \u00e4therischen \u00d6len (Zitrusfr\u00fcchte f\u00fcr Sie und Zedernholz und f\u00fcr Ihn)<\/li>\n<li>Abschlie\u00dfende und aromatische Massage bei entspannendem Kerzenlicht<\/li>\n<\/ul>\n<\/li>\n<li><strong>RELAX MASSAGE<\/strong><br \/>\nAnti-Stress-Massagetechnik: wohltuend und entspannend beseitigt sie Muskel- und Sehnenverspannungen und regeneriert den K\u00f6rper<\/li>\n<li><strong>DRAINAGE MASSAGE<\/strong><br \/>\nMassage-Technik, die der Lymphzirkulation folgend, abwechselnd in Streichel- und Pumpeinheiten durchgef\u00fchrt wird: an den oberen und unteren Extremit\u00e4ten angewandt beseitigt sie Schwellungen und Schweregef\u00fchl<\/li>\n<li><strong>RESONANZ MASSAGE BAUCH<\/strong><br \/>\nEinzigartige ganzheitliche Behandlung regt sanft die Peristaltik an und wirkt dadurch straffend auf den Bauch. Sie unterteilt sich in die folgenden Phasen:<\/p>\n<ul>\n<li>Kr\u00e4utertee mit entschlackender und entgiftender Wirkung<\/li>\n<li>Lymph-Stimulierung durch synergethische Phytotherapie<\/li>\n<li>Vakuum-Bauchmassage<\/li>\n<li>Bauchmassage mit straffender Creme aus dem Hause Villa dei Cedri<\/li>\n<li>Klangschalen zur Wiederherstellung des Energieausgleichs<\/li>\n<\/ul>\n<\/li>\n<li><strong>RESONANZ MASSAGER\u00dcCKEN &amp; R\u00dcCKGRAT<\/strong><br \/>\nEmpfohlene Behandlung bei tiefen Muskelverspannungen zur Wiederherstellung eines neuen Gleichgewichts. Sie unterteilt sich in die folgenden Phasen:<\/p>\n<ul>\n<li>Entspannungf\u00f6rndernde Anwendung mit hei\u00dfer Rolle<\/li>\n<li>Klangschalen-Massage am R\u00fccken<\/li>\n<li>w\u00e4rmender Arnika-Wickel<\/li>\n<li>Klangschalen zur Wiederherstellung der Energiebilanz<\/li>\n<\/ul>\n<\/li>\n<li><strong>MEDICALFITNESS\/SPORT MASSAGE<\/strong><br \/>\nPhysiotherapeutische Sportmassage durchgef\u00fchrt von qualifiziertem Personal<\/li>\n<\/ol>\n<\/blockquote>\n<\/blockquote>\n\t\t\t\t\t\t\t\t<\/div>\n\t\t\t\t<\/div>\n\t\t\t\t\t<\/div>\n\t\t<\/div>\n\t\t\t\t\t<\/div>\n\t\t<\/section>\n\t\t\t\t<\/div>\n\t\t","protected":false},"excerpt":{"rendered":"<p>Behandlungen UNSERE WELLNESS-PAKETE, NEBEN EINEM 3- ODER 7- N\u00c4CHTE AUFENTHALT IN UNSEREM HAUS UND FREIEM EINTRITT IN DEN B\u00c4DER- UND SPA-BEREICH DES \u201eGARDACQUA, UMFASSEN: 1 ganzen Tag freies Eintritt im wundersch\u00f6nen Thermalbad in Col\u00e0 di Lazise Eingebettet in einer zauberhaften Parkanlage von 13 ha, befinden sich historisches Anwesen, zwei nat\u00fcrliche Thermalseen von 5.500 bzw. 2.200 [&hellip;]<\/p>\n","protected":false},"author":3,"featured_media":1086,"parent":0,"menu_order":0,"comment_status":"closed","ping_status":"closed","template":"","meta":{"footnotes":""},"class_list":["post-136","page","type-page","status-publish","has-post-thumbnail","hentry"],"_links":{"self":[{"href":"https:\/\/www.hoteldegliolivi.it\/de\/wp-json\/wp\/v2\/pages\/136","targetHints":{"allow":["GET"]}}],"collection":[{"href":"https:\/\/www.hoteldegliolivi.it\/de\/wp-json\/wp\/v2\/pages"}],"about":[{"href":"https:\/\/www.hoteldegliolivi.it\/de\/wp-json\/wp\/v2\/types\/page"}],"author":[{"embeddable":true,"href":"https:\/\/www.hoteldegliolivi.it\/de\/wp-json\/wp\/v2\/users\/3"}],"replies":[{"embeddable":true,"href":"https:\/\/www.hoteldegliolivi.it\/de\/wp-json\/wp\/v2\/comments?post=136"}],"version-history":[{"count":0,"href":"https:\/\/www.hoteldegliolivi.it\/de\/wp-json\/wp\/v2\/pages\/136\/revisions"}],"wp:featuredmedia":[{"embeddable":true,"href":"https:\/\/www.hoteldegliolivi.it\/de\/wp-json\/wp\/v2\/media\/1086"}],"wp:attachment":[{"href":"https:\/\/www.hoteldegliolivi.it\/de\/wp-json\/wp\/v2\/media?parent=136"}],"curies":[{"name":"wp","href":"https:\/\/api.w.org\/{rel}","templated":true}]}}